{"id":35861,"date":"2023-05-15T10:49:29","date_gmt":"2023-05-15T14:49:29","guid":{"rendered":"https:\/\/galleriadellapietra.com.br\/terms-and-conditions\/"},"modified":"2023-06-01T16:57:17","modified_gmt":"2023-06-01T20:57:17","slug":"terms-and-conditions","status":"publish","type":"page","link":"http:\/\/galleriadellapietra.com.br\/pt\/terms-and-conditions\/","title":{"rendered":"<p>Termos e Condi\u00e7\u00f5es<\/p>"},"content":{"rendered":"<div data-elementor-type=\"wp-page\" data-elementor-id=\"35861\" class=\"elementor elementor-35861\" data-elementor-post-type=\"page\">\n\t\t\t\t\t\t\t<div class=\"elementor-element elementor-element-ce53387 e-flex e-con-boxed e-con e-parent\" data-id=\"ce53387\" data-element_type=\"container\" data-settings='{\"background_background\":\"classic\",\"container_type\":\"flex\",\"content_width\":\"boxed\"}' data-core-v316-plus=\"true\">\n\t\t\t\t\t<div class=\"e-con-inner\">\n\t\t<div class=\"elementor-element elementor-element-7ec0806 e-con-full e-flex e-con e-child\" data-id=\"7ec0806\" data-element_type=\"container\" data-settings='{\"content_width\":\"full\",\"container_type\":\"flex\"}'>\n\t\t\t\t<div class=\"elementor-element elementor-element-0acccd7 elementor-widget elementor-widget-heading\" data-id=\"0acccd7\" data-element_type=\"widget\" data-widget_type=\"heading.default\">\n\t\t\t\t<div class=\"elementor-widget-container\">\n\t\t\t<style>\/*! elementor - v3.16.0 - 09-10-2023 *\/\n.elementor-heading-title{padding:0;margin:0;line-height:1}.elementor-widget-heading .elementor-heading-title[class*=elementor-size-]>a{color:inherit;font-size:inherit;line-height:inherit}.elementor-widget-heading .elementor-heading-title.elementor-size-small{font-size:15px}.elementor-widget-heading .elementor-heading-title.elementor-size-medium{font-size:19px}.elementor-widget-heading .elementor-heading-title.elementor-size-large{font-size:29px}.elementor-widget-heading .elementor-heading-title.elementor-size-xl{font-size:39px}.elementor-widget-heading .elementor-heading-title.elementor-size-xxl{font-size:59px}<\/style><h1 class=\"elementor-heading-title elementor-size-default\">Termos e Condi\u00e7\u00f5es<\/h1>\t\t<\/div>\n\t\t\t\t<\/div>\n\t\t\t\t<div class=\"elementor-element elementor-element-4946187 elementor-widget-divider--view-line_icon elementor-widget-divider--element-align-left elementor-view-default elementor-widget elementor-widget-divider\" data-id=\"4946187\" data-element_type=\"widget\" data-widget_type=\"divider.default\">\n\t\t\t\t<div class=\"elementor-widget-container\">\n\t\t\t<style>\/*! elementor - v3.16.0 - 09-10-2023 *\/\n.elementor-widget-divider{--divider-border-style:none;--divider-border-width:1px;--divider-color:#0c0d0e;--divider-icon-size:20px;--divider-element-spacing:10px;--divider-pattern-height:24px;--divider-pattern-size:20px;--divider-pattern-url:none;--divider-pattern-repeat:repeat-x}.elementor-widget-divider .elementor-divider{display:flex}.elementor-widget-divider .elementor-divider__text{font-size:15px;line-height:1;max-width:95%}.elementor-widget-divider .elementor-divider__element{margin:0 var(--divider-element-spacing);flex-shrink:0}.elementor-widget-divider .elementor-icon{font-size:var(--divider-icon-size)}.elementor-widget-divider .elementor-divider-separator{display:flex;margin:0;direction:ltr}.elementor-widget-divider--view-line_icon .elementor-divider-separator,.elementor-widget-divider--view-line_text .elementor-divider-separator{align-items:center}.elementor-widget-divider--view-line_icon .elementor-divider-separator:after,.elementor-widget-divider--view-line_icon .elementor-divider-separator:before,.elementor-widget-divider--view-line_text .elementor-divider-separator:after,.elementor-widget-divider--view-line_text .elementor-divider-separator:before{display:block;content:\"\";border-bottom:0;flex-grow:1;border-top:var(--divider-border-width) var(--divider-border-style) var(--divider-color)}.elementor-widget-divider--element-align-left .elementor-divider .elementor-divider-separator>.elementor-divider__svg:first-of-type{flex-grow:0;flex-shrink:100}.elementor-widget-divider--element-align-left .elementor-divider-separator:before{content:none}.elementor-widget-divider--element-align-left .elementor-divider__element{margin-left:0}.elementor-widget-divider--element-align-right .elementor-divider .elementor-divider-separator>.elementor-divider__svg:last-of-type{flex-grow:0;flex-shrink:100}.elementor-widget-divider--element-align-right .elementor-divider-separator:after{content:none}.elementor-widget-divider--element-align-right .elementor-divider__element{margin-right:0}.elementor-widget-divider:not(.elementor-widget-divider--view-line_text):not(.elementor-widget-divider--view-line_icon) .elementor-divider-separator{border-top:var(--divider-border-width) var(--divider-border-style) var(--divider-color)}.elementor-widget-divider--separator-type-pattern{--divider-border-style:none}.elementor-widget-divider--separator-type-pattern.elementor-widget-divider--view-line .elementor-divider-separator,.elementor-widget-divider--separator-type-pattern:not(.elementor-widget-divider--view-line) .elementor-divider-separator:after,.elementor-widget-divider--separator-type-pattern:not(.elementor-widget-divider--view-line) .elementor-divider-separator:before,.elementor-widget-divider--separator-type-pattern:not([class*=elementor-widget-divider--view]) .elementor-divider-separator{width:100%;min-height:var(--divider-pattern-height);-webkit-mask-size:var(--divider-pattern-size) 100%;mask-size:var(--divider-pattern-size) 100%;-webkit-mask-repeat:var(--divider-pattern-repeat);mask-repeat:var(--divider-pattern-repeat);background-color:var(--divider-color);-webkit-mask-image:var(--divider-pattern-url);mask-image:var(--divider-pattern-url)}.elementor-widget-divider--no-spacing{--divider-pattern-size:auto}.elementor-widget-divider--bg-round{--divider-pattern-repeat:round}.rtl .elementor-widget-divider .elementor-divider__text{direction:rtl}.e-con-inner>.elementor-widget-divider,.e-con>.elementor-widget-divider{width:var(--container-widget-width,100%);--flex-grow:var(--container-widget-flex-grow)}<\/style>\t\t<div class=\"elementor-divider\">\n\t\t\t<span class=\"elementor-divider-separator\">\n\t\t\t\t\t\t\t<div class=\"elementor-icon elementor-divider__element\">\n\t\t\t\t\t<svg xmlns=\"http:\/\/www.w3.org\/2000\/svg\" xmlns:xlink=\"http:\/\/www.w3.org\/1999\/xlink\" id=\"Layer_1\" x=\"0px\" y=\"0px\" viewbox=\"0 0 20 5\" style=\"enable-background:new 0 0 20 5;\" xml:space=\"preserve\"><path d=\"M18,5H2C0.9,5,0,4.1,0,3V2c0-1.1,0.9-2,2-2h16c1.1,0,2,0.9,2,2v1C20,4.1,19.1,5,18,5z\"><\/path><\/svg><\/div>\n\t\t\t\t\t\t<\/span>\n\t\t<\/div>\n\t\t\t\t<\/div>\n\t\t\t\t<\/div>\n\t\t\t\t<div class=\"elementor-element elementor-element-a56a83c elementor-widget__width-initial elementor-widget elementor-widget-text-editor\" data-id=\"a56a83c\" data-element_type=\"widget\" data-widget_type=\"text-editor.default\">\n\t\t\t\t<div class=\"elementor-widget-container\">\n\t\t\t<style>\/*! elementor - v3.16.0 - 09-10-2023 *\/\n.elementor-widget-text-editor.elementor-drop-cap-view-stacked .elementor-drop-cap{background-color:#69727d;color:#fff}.elementor-widget-text-editor.elementor-drop-cap-view-framed .elementor-drop-cap{color:#69727d;border:3px solid;background-color:transparent}.elementor-widget-text-editor:not(.elementor-drop-cap-view-default) .elementor-drop-cap{margin-top:8px}.elementor-widget-text-editor:not(.elementor-drop-cap-view-default) .elementor-drop-cap-letter{width:1em;height:1em}.elementor-widget-text-editor .elementor-drop-cap{float:left;text-align:center;line-height:1;font-size:50px}.elementor-widget-text-editor .elementor-drop-cap-letter{display:inline-block}<\/style>\t\t\t\t<h6>1. Introdu\u00e7\u00e3o<\/h6><p>Estes Termos e Condi\u00e7\u00f5es se aplicam a este site e \u00e0s transa\u00e7\u00f5es relacionadas aos nossos produtos e servi\u00e7os. Voc\u00ea pode estar sujeito a contratos adicionais relacionados \u00e0 sua rela\u00e7\u00e3o conosco ou a quaisquer produtos, ou servi\u00e7os que voc\u00ea receba de n\u00f3s. Se alguma disposi\u00e7\u00e3o dos contratos adicionais entrar em conflito com alguma disposi\u00e7\u00e3o destes Termos, as disposi\u00e7\u00f5es desses contratos adicionais ter\u00e3o controle e prevalecer\u00e3o.<\/p><h6>2. Vincula\u00e7\u00e3o<\/h6><p>Ao se registrar, acessar ou usar este site de qualquer forma, voc\u00ea concorda em ficar vinculado por estes Termos e Condi\u00e7\u00f5es estabelecidos abaixo. O simples uso deste site implica o conhecimento e a aceita\u00e7\u00e3o destes Termos e Condi\u00e7\u00f5es. Em alguns casos espec\u00edficos, tamb\u00e9m podemos solicitar que voc\u00ea concorde explicitamente.<\/p><h6>3. Propriedade intelectual<\/h6><p>N\u00f3s ou nossos licenciadores possu\u00edmos e controlamos todos os direitos autorais e outros direitos de propriedade intelectual no site e nos dados, informa\u00e7\u00f5es e outros recursos exibidos ou acess\u00edveis no site.<\/p><p class=\"cmplz-subtitle\">3.1 Todos os direitos reservados<\/p><p>A menos que o conte\u00fado espec\u00edfico indique o contr\u00e1rio, voc\u00ea n\u00e3o recebe uma licen\u00e7a ou qualquer outro direito de direitos autorais, marcas registradas, patentes ou outros direitos de propriedade intelectual. Isso significa que voc\u00ea n\u00e3o usar\u00e1, copiar\u00e1, reproduzir\u00e1, executar\u00e1, exibir\u00e1, distribuir\u00e1, incorporar\u00e1 em qualquer meio eletr\u00f4nico, alterar\u00e1, engenharia reversa, descompilar\u00e1, transferir\u00e1, baixar\u00e1, transmitir\u00e1, monetizar\u00e1, vender\u00e1, comercializar\u00e1 ou comercializar\u00e1 quaisquer recursos deste site de qualquer forma, sem nossa permiss\u00e3o pr\u00e9via por escrito, exceto e somente enquanto seja estipulado de outra forma nas regulamenta\u00e7\u00f5es da lei obrigat\u00f3ria (como o direito de cita\u00e7\u00e3o).<\/p><h6>4. Newsletter<\/h6><p>N\u00e3o obstante, o exposto acima, voc\u00ea pode encaminhar nosso boletim informativo na forma eletr\u00f4nica para outras pessoas que possam estar interessadas em visitar nosso site.<\/p><h6>5. Propriedade de terceiros<\/h6><p>Our website may include hyperlinks or other references to other party?s websites.&nbsp;We do not monitor or review the content of other party?s websites which are linked to from this website.&nbsp;Products or services offered by other websites shall be subject to the applicable Terms and Conditions of those third parties.&nbsp;Opinions expressed or material appearing on those websites are not necessarily shared or endorsed by us.<\/p><p>We will not be responsible for any privacy practices or content of these sites.&nbsp;You bear all risks associated with the use of these websites and any related third-party services.&nbsp;We will not accept any responsibility for any loss or damage in whatever manner, however caused, resulting from your disclosure to third parties of personal information.<\/p><h6>6. Uso respons\u00e1vel<\/h6><p>By visiting our website, you agree to use it only for the purposes intended and as permitted by these Terms, any additional contracts with us, and applicable laws, regulations, and generally accepted online practices and industry guidelines.&nbsp;You must not use our website or services to use, publish or distribute any material which consists of (or is linked to) malicious computer software; use data collected from our website for any direct marketing activity, or conduct any systematic or automated data collection activities on or in relation to our website.<\/p><p>Engaging in any activity that causes, or may cause, damage to the website or that interferes with the performance, availability, or accessibility of the website is strictly prohibited.<\/p><h6>7. Envio de ideias<\/h6><p>N\u00e3o envie nenhuma ideia, inven\u00e7\u00f5es, obras autorais ou outras informa\u00e7\u00f5es que possam ser consideradas sua propriedade intelectual a ser apresentada a n\u00f3s, a menos que tenhamos assinado previamente um acordo relacionado \u00e0 propriedade intelectual ou um acordo de n\u00e3o divulga\u00e7\u00e3o. Se voc\u00ea nos divulgar tais informa\u00e7\u00f5es ausente de tal acordo escrito, voc\u00ea nos concede uma licen\u00e7a mundial, irrevog\u00e1vel, n\u00e3o exclusiva e isenta de royalties para usar, reproduzir, armazenar, adaptar, publicar, traduzir e distribuir seu conte\u00fado em qualquer m\u00eddia existente ou futura.<\/p><h6>8. T\u00e9rmino do uso<\/h6><p>Podemos, a nosso crit\u00e9rio exclusivo, a qualquer momento modificar ou interromper o acesso ao site, ou qualquer servi\u00e7o nele dispon\u00edvel, tempor\u00e1ria ou permanentemente. Voc\u00ea concorda que n\u00e3o seremos respons\u00e1veis por voc\u00ea ou qualquer terceiro por qualquer modifica\u00e7\u00e3o, suspens\u00e3o ou interrup\u00e7\u00e3o do seu acesso, ou uso do site, ou de qualquer conte\u00fado que voc\u00ea tenha compartilhado no site. Voc\u00ea n\u00e3o ter\u00e1 direito a qualquer compensa\u00e7\u00e3o ou outro pagamento, mesmo que certos recursos, configura\u00e7\u00f5es e\/ou qualquer conte\u00fado que voc\u00ea tenha contribu\u00eddo ou de que tenha passado a depender sejam permanentemente perdidos. Voc\u00ea n\u00e3o deve contornar, burlar ou tentar contornar, ou burlar quaisquer medidas de restri\u00e7\u00e3o de acesso em nosso site.<\/p><h6>9. Garantias e responsabilidade<\/h6><p>Nada nesta se\u00e7\u00e3o limitar\u00e1 ou excluir\u00e1 qualquer garantia impl\u00edcita por lei que seria ilegal limitar ou excluir. Este site e todo o conte\u00fado no site s\u00e3o fornecidos \"como est\u00e3o\" e \"conforme dispon\u00edveis\" e podem incluir imprecis\u00f5es ou erros tipogr\u00e1ficos. Isentamos expressamente todas as garantias de qualquer tipo, sejam expressas ou impl\u00edcitas, quanto \u00e0 disponibilidade, precis\u00e3o ou integridade do conte\u00fado. N\u00e3o fornecemos garantia de que:<\/p><ul><li>este site ou nosso conte\u00fado atender\u00e3o aos seus requisitos;<\/li><li>este site estar\u00e1 dispon\u00edvel de forma ininterrupta, oportuna, segura ou livre de erros.<\/li><\/ul><p>Nothing on this website constitutes or is meant to constitute, legal, financial or medical advice of any kind.&nbsp;If you require advice you should consult an appropriate professional.<\/p><p>The following provisions of this section will apply to the maximum extent permitted by applicable law and will not limit or exclude our liability in respect of any matter which it would be unlawful or illegal for us to limit or to exclude our liability.&nbsp;In no event will we be liable for any direct or indirect damages (including any damages for loss of profits or revenue, loss or corruption of data, software or database, or loss of or harm to property or data) incurred by you or any third party, arising from your access to, or use of, our website.<\/p><p>Except to the extent any additional contract expressly states otherwise, our maximum liability to you for all damages arising out of or related to the website or any products and services marketed or sold through the website, regardless of the form of legal action that imposes liability (whether in contract, equity, negligence, intended conduct, tort or otherwise) will be limited to the total price that you paid to us to purchase such products or services or use the website.&nbsp;Such limit will apply in the aggregate to all of your claims, actions and causes of action of every kind and nature.<\/p><h6>10. Privacidade<\/h6><p>Para acessar nosso site e\/ou servi\u00e7os, voc\u00ea pode ser solicitado a fornecer certas informa\u00e7\u00f5es sobre si mesmo como parte do processo de registro.\u00a0Voc\u00ea concorda que qualquer informa\u00e7\u00e3o que voc\u00ea fornecer ser\u00e1 sempre precisa, correta e atualizada.<\/p><p>Desenvolvemos uma pol\u00edtica para abordar quaisquer preocupa\u00e7\u00f5es de privacidade que voc\u00ea possa ter. Para mais informa\u00e7\u00f5es, consulte nossa&nbsp;<a href=\"http:\/\/galleriadellapietra.com.br\/pt\/cookie-policy\/\">Pol\u00edtica de Cookies<\/a>.<\/p><h6>11. Restri\u00e7\u00f5es de exporta\u00e7\u00e3o \/ Conformidade legal<\/h6><p>O acesso ao site a partir de territ\u00f3rios ou pa\u00edses onde o conte\u00fado, ou a compra dos produtos, ou servi\u00e7os vendidos no site \u00e9 ilegal \u00e9 proibido.<\/p><h6>12. Atribui\u00e7\u00e3o<\/h6><p>Voc\u00ea n\u00e3o pode ceder, transferir ou subcontratar quaisquer de seus direitos e\/ou obriga\u00e7\u00f5es nos termos destes Termos e condi\u00e7\u00f5es, no todo ou em parte, a qualquer terceiro sem o nosso consentimento pr\u00e9vio por escrito. Qualquer suposta atribui\u00e7\u00e3o em viola\u00e7\u00e3o desta Se\u00e7\u00e3o ser\u00e1 nula e sem efeito.<\/p><h6>13. Viola\u00e7\u00e3o destes Termos e Condi\u00e7\u00f5es<\/h6><p>Sem preju\u00edzo de nossos outros direitos nos termos destes Termos e Condi\u00e7\u00f5es, se voc\u00ea violar estes Termos e Condi\u00e7\u00f5es de qualquer forma, poderemos tomar as medidas que considerarmos apropriadas para lidar com a viola\u00e7\u00e3o, incluindo a suspens\u00e3o tempor\u00e1ria ou permanente de seu acesso ao site, entrar em contato com seu provedor de servi\u00e7os de internet para solicitar que eles bloqueiem seu acesso ao site e\/ou iniciar uma a\u00e7\u00e3o legal contra voc\u00ea.<\/p><h6>14. For\u00e7a maior<\/h6><p>Exceto pelas obriga\u00e7\u00f5es de pagar dinheiro aqui, nenhum atraso, falha ou omiss\u00e3o de qualquer das partes em cumprir ou observar qualquer uma de suas obriga\u00e7\u00f5es nos termos destes Termos e condi\u00e7\u00f5es ser\u00e1 considerado uma viola\u00e7\u00e3o destes Termos e condi\u00e7\u00f5es se e enquanto tal atraso, falha ou omiss\u00e3o decorrer de qualquer causa al\u00e9m do controle razo\u00e1vel daquela parte.<\/p><h6>15. Indeniza\u00e7\u00e3o<\/h6><p>Voc\u00ea concorda em indenizar, defender e isentar-nos de e contra todas e quaisquer reivindica\u00e7\u00f5es, responsabilidades, danos, perdas e despesas, relacionadas \u00e0 sua viola\u00e7\u00e3o destes Termos e condi\u00e7\u00f5es e das leis aplic\u00e1veis, incluindo direitos de propriedade intelectual e direitos de privacidade.<\/p><h6>16. Divisibilidade<\/h6><p>Se qualquer disposi\u00e7\u00e3o destes Termos e Condi\u00e7\u00f5es for considerada inv\u00e1lida ou inexequ\u00edvel em qualquer jurisdi\u00e7\u00e3o, essa disposi\u00e7\u00e3o ser\u00e1 considerada separada destes Termos e Condi\u00e7\u00f5es e n\u00e3o afetar\u00e1 a validade ou aplicabilidade das disposi\u00e7\u00f5es restantes.<\/p><h6>17.  Acordo integral<\/h6><p>Estes Termos e Condi\u00e7\u00f5es, e a&nbsp;<a href=\"http:\/\/galleriadellapietra.com.br\/pt\/cookie-policy\/\">Pol\u00edtica de Cookies<\/a>, constituem o acordo completo entre voc\u00ea e a Galleria della Pietra em rela\u00e7\u00e3o ao seu uso deste website.<\/p><h6>18. Atualiza\u00e7\u00e3o destes Termos e Condi\u00e7\u00f5es<\/h6><p>Podemos atualizar estes Termos e Condi\u00e7\u00f5es periodicamente. \u00c9 sua obriga\u00e7\u00e3o verificar regularmente estes Termos e Condi\u00e7\u00f5es em busca de altera\u00e7\u00f5es ou atualiza\u00e7\u00f5es. A data fornecida no in\u00edcio destes Termos e Condi\u00e7\u00f5es \u00e9 a data da \u00faltima revis\u00e3o. As altera\u00e7\u00f5es destes Termos e Condi\u00e7\u00f5es entrar\u00e3o em vigor quando forem publicadas neste website. O uso cont\u00ednuo deste website ap\u00f3s a publica\u00e7\u00e3o de altera\u00e7\u00f5es ou atualiza\u00e7\u00f5es ser\u00e1 considerado um aviso da sua aceita\u00e7\u00e3o em cumprir e ficar vinculado por estes Termos e Condi\u00e7\u00f5es.<\/p><h6>19.  Escolha da Lei e Jurisdi\u00e7\u00e3o<\/h6><p>Estes Termos e Condi\u00e7\u00f5es ser\u00e3o regidos pelas leis do Brasil. Quaisquer disputas relacionadas a estes Termos e Condi\u00e7\u00f5es estar\u00e3o sujeitas \u00e0 jurisdi\u00e7\u00e3o dos tribunais brasileiros. Se alguma parte ou disposi\u00e7\u00e3o destes Termos e Condi\u00e7\u00f5es for considerada inv\u00e1lida e\/ou inexequ\u00edvel por um tribunal ou outra autoridade competente, tal parte ou disposi\u00e7\u00e3o ser\u00e1 modificada, exclu\u00edda e\/ou aplicada na medida m\u00e1xima permitida para ser cumprido o objetivo destes Termos e Condi\u00e7\u00f5es. As demais disposi\u00e7\u00f5es n\u00e3o ser\u00e3o afetadas.<\/p><h6>20. Informa\u00e7\u00f5es de contato<\/h6><p>Este site pertence e \u00e9 operado pela Galleria della Pietra.<\/p><p>Voc\u00ea pode entrar em contato conosco a respeito destes Termos e Condi\u00e7\u00f5es atrav\u00e9s do nosso formul\u00e1rio&nbsp;<a href=\"http:\/\/galleriadellapietra.com.br\/pt\/get-in-touch\/\">de contato<\/a>&nbsp;.<\/p>\t\t\t\t\t\t<\/div>\n\t\t\t\t<\/div>\n\t\t\t\t<\/div>\n\t\t\t\t\t<\/div>\n\t\t\t\t<\/div>\n\t\t\t\t\t\t\t<\/div>","protected":false},"excerpt":{"rendered":"<p>1. Introduction These Terms and conditions apply to this website and to the transactions related to our products and services.&nbsp;You may be bound by additional contracts related to your relationship with us or any products or services that you receive from us.&nbsp;If any provisions of the additional contracts conflict with any provisions of these Terms, [&hellip;]<\/p>","protected":false},"author":13,"featured_media":0,"parent":0,"menu_order":0,"comment_status":"closed","ping_status":"closed","template":"","meta":{"footnotes":""},"effect":[],"acf":[],"_links":{"self":[{"href":"http:\/\/galleriadellapietra.com.br\/pt\/wp-json\/wp\/v2\/pages\/35861"}],"collection":[{"href":"http:\/\/galleriadellapietra.com.br\/pt\/wp-json\/wp\/v2\/pages"}],"about":[{"href":"http:\/\/galleriadellapietra.com.br\/pt\/wp-json\/wp\/v2\/types\/page"}],"author":[{"embeddable":true,"href":"http:\/\/galleriadellapietra.com.br\/pt\/wp-json\/wp\/v2\/users\/13"}],"replies":[{"embeddable":true,"href":"http:\/\/galleriadellapietra.com.br\/pt\/wp-json\/wp\/v2\/comments?post=35861"}],"version-history":[{"count":0,"href":"http:\/\/galleriadellapietra.com.br\/pt\/wp-json\/wp\/v2\/pages\/35861\/revisions"}],"wp:attachment":[{"href":"http:\/\/galleriadellapietra.com.br\/pt\/wp-json\/wp\/v2\/media?parent=35861"}],"wp:term":[{"taxonomy":"effect","embeddable":true,"href":"http:\/\/galleriadellapietra.com.br\/pt\/wp-json\/wp\/v2\/effect?post=35861"}],"curies":[{"name":"wp","href":"https:\/\/api.w.org\/{rel}","templated":true}]}}