{"id":31673,"date":"2023-04-26T11:56:56","date_gmt":"2023-04-26T15:56:56","guid":{"rendered":"https:\/\/galleriadellapietra.com.br\/opt-out-preferences\/"},"modified":"2023-06-01T16:39:06","modified_gmt":"2023-06-01T20:39:06","slug":"cookie-policy","status":"publish","type":"page","link":"http:\/\/galleriadellapietra.com.br\/pt\/cookie-policy\/","title":{"rendered":"<p>Pol\u00edtica de Cookies<\/p>"},"content":{"rendered":"<div data-elementor-type=\"wp-page\" data-elementor-id=\"31673\" class=\"elementor elementor-31673\" data-elementor-post-type=\"page\">\n\t\t\t\t\t\t\t<div class=\"elementor-element elementor-element-580549e e-flex e-con-boxed e-con e-parent\" data-id=\"580549e\" data-element_type=\"container\" data-settings='{\"background_background\":\"classic\",\"container_type\":\"flex\",\"content_width\":\"boxed\"}' data-core-v316-plus=\"true\">\n\t\t\t\t\t<div class=\"e-con-inner\">\n\t\t<div class=\"elementor-element elementor-element-b46393c e-con-full e-flex e-con e-child\" data-id=\"b46393c\" data-element_type=\"container\" data-settings='{\"content_width\":\"full\",\"container_type\":\"flex\"}'>\n\t\t\t\t<div class=\"elementor-element elementor-element-30d6cfb elementor-widget elementor-widget-heading\" data-id=\"30d6cfb\" data-element_type=\"widget\" data-widget_type=\"heading.default\">\n\t\t\t\t<div class=\"elementor-widget-container\">\n\t\t\t<style>\/*! elementor - v3.16.0 - 09-10-2023 *\/\n.elementor-heading-title{padding:0;margin:0;line-height:1}.elementor-widget-heading .elementor-heading-title[class*=elementor-size-]>a{color:inherit;font-size:inherit;line-height:inherit}.elementor-widget-heading .elementor-heading-title.elementor-size-small{font-size:15px}.elementor-widget-heading .elementor-heading-title.elementor-size-medium{font-size:19px}.elementor-widget-heading .elementor-heading-title.elementor-size-large{font-size:29px}.elementor-widget-heading .elementor-heading-title.elementor-size-xl{font-size:39px}.elementor-widget-heading .elementor-heading-title.elementor-size-xxl{font-size:59px}<\/style><h1 class=\"elementor-heading-title elementor-size-default\">Pol\u00edtica de Cookies<\/h1>\t\t<\/div>\n\t\t\t\t<\/div>\n\t\t\t\t<div class=\"elementor-element elementor-element-b9f1d87 elementor-widget-divider--view-line_icon elementor-widget-divider--element-align-left elementor-view-default elementor-widget elementor-widget-divider\" data-id=\"b9f1d87\" data-element_type=\"widget\" data-widget_type=\"divider.default\">\n\t\t\t\t<div class=\"elementor-widget-container\">\n\t\t\t<style>\/*! elementor - v3.16.0 - 09-10-2023 *\/\n.elementor-widget-divider{--divider-border-style:none;--divider-border-width:1px;--divider-color:#0c0d0e;--divider-icon-size:20px;--divider-element-spacing:10px;--divider-pattern-height:24px;--divider-pattern-size:20px;--divider-pattern-url:none;--divider-pattern-repeat:repeat-x}.elementor-widget-divider .elementor-divider{display:flex}.elementor-widget-divider .elementor-divider__text{font-size:15px;line-height:1;max-width:95%}.elementor-widget-divider .elementor-divider__element{margin:0 var(--divider-element-spacing);flex-shrink:0}.elementor-widget-divider .elementor-icon{font-size:var(--divider-icon-size)}.elementor-widget-divider .elementor-divider-separator{display:flex;margin:0;direction:ltr}.elementor-widget-divider--view-line_icon .elementor-divider-separator,.elementor-widget-divider--view-line_text .elementor-divider-separator{align-items:center}.elementor-widget-divider--view-line_icon .elementor-divider-separator:after,.elementor-widget-divider--view-line_icon .elementor-divider-separator:before,.elementor-widget-divider--view-line_text .elementor-divider-separator:after,.elementor-widget-divider--view-line_text .elementor-divider-separator:before{display:block;content:\"\";border-bottom:0;flex-grow:1;border-top:var(--divider-border-width) var(--divider-border-style) var(--divider-color)}.elementor-widget-divider--element-align-left .elementor-divider .elementor-divider-separator>.elementor-divider__svg:first-of-type{flex-grow:0;flex-shrink:100}.elementor-widget-divider--element-align-left .elementor-divider-separator:before{content:none}.elementor-widget-divider--element-align-left .elementor-divider__element{margin-left:0}.elementor-widget-divider--element-align-right .elementor-divider .elementor-divider-separator>.elementor-divider__svg:last-of-type{flex-grow:0;flex-shrink:100}.elementor-widget-divider--element-align-right .elementor-divider-separator:after{content:none}.elementor-widget-divider--element-align-right .elementor-divider__element{margin-right:0}.elementor-widget-divider:not(.elementor-widget-divider--view-line_text):not(.elementor-widget-divider--view-line_icon) .elementor-divider-separator{border-top:var(--divider-border-width) var(--divider-border-style) var(--divider-color)}.elementor-widget-divider--separator-type-pattern{--divider-border-style:none}.elementor-widget-divider--separator-type-pattern.elementor-widget-divider--view-line .elementor-divider-separator,.elementor-widget-divider--separator-type-pattern:not(.elementor-widget-divider--view-line) .elementor-divider-separator:after,.elementor-widget-divider--separator-type-pattern:not(.elementor-widget-divider--view-line) .elementor-divider-separator:before,.elementor-widget-divider--separator-type-pattern:not([class*=elementor-widget-divider--view]) .elementor-divider-separator{width:100%;min-height:var(--divider-pattern-height);-webkit-mask-size:var(--divider-pattern-size) 100%;mask-size:var(--divider-pattern-size) 100%;-webkit-mask-repeat:var(--divider-pattern-repeat);mask-repeat:var(--divider-pattern-repeat);background-color:var(--divider-color);-webkit-mask-image:var(--divider-pattern-url);mask-image:var(--divider-pattern-url)}.elementor-widget-divider--no-spacing{--divider-pattern-size:auto}.elementor-widget-divider--bg-round{--divider-pattern-repeat:round}.rtl .elementor-widget-divider .elementor-divider__text{direction:rtl}.e-con-inner>.elementor-widget-divider,.e-con>.elementor-widget-divider{width:var(--container-widget-width,100%);--flex-grow:var(--container-widget-flex-grow)}<\/style>\t\t<div class=\"elementor-divider\">\n\t\t\t<span class=\"elementor-divider-separator\">\n\t\t\t\t\t\t\t<div class=\"elementor-icon elementor-divider__element\">\n\t\t\t\t\t<svg xmlns=\"http:\/\/www.w3.org\/2000\/svg\" xmlns:xlink=\"http:\/\/www.w3.org\/1999\/xlink\" id=\"Layer_1\" x=\"0px\" y=\"0px\" viewbox=\"0 0 20 5\" style=\"enable-background:new 0 0 20 5;\" xml:space=\"preserve\"><path d=\"M18,5H2C0.9,5,0,4.1,0,3V2c0-1.1,0.9-2,2-2h16c1.1,0,2,0.9,2,2v1C20,4.1,19.1,5,18,5z\"><\/path><\/svg><\/div>\n\t\t\t\t\t\t<\/span>\n\t\t<\/div>\n\t\t\t\t<\/div>\n\t\t\t\t<\/div>\n\t\t\t\t<div class=\"elementor-element elementor-element-9b25d22 elementor-widget__width-initial elementor-widget elementor-widget-text-editor\" data-id=\"9b25d22\" data-element_type=\"widget\" data-widget_type=\"text-editor.default\">\n\t\t\t\t<div class=\"elementor-widget-container\">\n\t\t\t<style>\/*! elementor - v3.16.0 - 09-10-2023 *\/\n.elementor-widget-text-editor.elementor-drop-cap-view-stacked .elementor-drop-cap{background-color:#69727d;color:#fff}.elementor-widget-text-editor.elementor-drop-cap-view-framed .elementor-drop-cap{color:#69727d;border:3px solid;background-color:transparent}.elementor-widget-text-editor:not(.elementor-drop-cap-view-default) .elementor-drop-cap{margin-top:8px}.elementor-widget-text-editor:not(.elementor-drop-cap-view-default) .elementor-drop-cap-letter{width:1em;height:1em}.elementor-widget-text-editor .elementor-drop-cap{float:left;text-align:center;line-height:1;font-size:50px}.elementor-widget-text-editor .elementor-drop-cap-letter{display:inline-block}<\/style>\t\t\t\t<p>Esta Pol\u00edtica de Cookies explica como o nosso website utiliza cookies e tecnologias similares para proporcionar uma melhor experi\u00eancia de navega\u00e7\u00e3o. Ao continuar a utilizar o nosso website, concorda com a utiliza\u00e7\u00e3o destes cookies conforme descrito nesta pol\u00edtica. Por favor, leia atentamente esta pol\u00edtica para compreender como recolhemos, utilizamos e gerimos cookies.<\/p><h6>1. O que s\u00e3o Cookies?<\/h6><p>Cookies s\u00e3o pequenos ficheiros de texto armazenados no seu dispositivo (computador, smartphone, tablet) quando visita um website. Eles s\u00e3o amplamente utilizados para melhorar a experi\u00eancia do utilizador e tornar os websites mais eficientes. Os cookies permitem que os websites recordem as suas a\u00e7\u00f5es e prefer\u00eancias (como informa\u00e7\u00f5es de login, sele\u00e7\u00e3o de idioma e outras prefer\u00eancias de exibi\u00e7\u00e3o) ao longo do tempo, para n\u00e3o ter de as introduzir novamente sempre que voltar ao site ou navegar de uma p\u00e1gina para outra.<\/p><h6>2. Como Utilizamos os Cookies<\/h6><p>Utilizamos cookies para diversos fins no nosso website, incluindo, mas n\u00e3o limitados a:<\/p><p>1. <strong>Cookies Essenciais:<\/strong> Estes cookies s\u00e3o necess\u00e1rios para o funcionamento do nosso website e permitem-lhe navegar e utilizar as suas funcionalidades. Incluem, por exemplo, cookies que permitem o acesso a \u00e1reas seguras do nosso website.<\/p><p>2. <strong>Cookies Anal\u00edticos:<\/strong> Utilizamos cookies anal\u00edticos, como o Google Analytics, para recolher informa\u00e7\u00f5es sobre como os visitantes utilizam o nosso website. Isso ajuda-nos a compreender e analisar o tr\u00e1fego do website, melhorar o desempenho do nosso website e proporcionar uma melhor experi\u00eancia ao utilizador. As informa\u00e7\u00f5es recolhidas por estes cookies s\u00e3o agregadas e an\u00f3nimas.<\/p><p>3. <strong>Cookies de Funcionalidade:<\/strong> Estes cookies permitem que o nosso website memorize as escolhas que faz (como o seu idioma ou regi\u00e3o preferidos) e forne\u00e7a funcionalidades melhoradas. Podem tamb\u00e9m ser utilizados para fornecer os servi\u00e7os que solicitou, como preencher formul\u00e1rios.<\/p><h6>3. Cookies de Terceiros<\/h6><p>O nosso website pode tamb\u00e9m utilizar cookies de servi\u00e7os de terceiros, como o Google Analytics, para acompanhar e analisar estat\u00edsticas de utiliza\u00e7\u00e3o. Estes fornecedores de servi\u00e7os de terceiros podem utilizar cookies e tecnologias similares para recolher e armazenar informa\u00e7\u00f5es sobre o seu dispositivo e atividade de navega\u00e7\u00e3o. Por favor, note que n\u00e3o temos controlo sobre estes cookies de terceiros e a sua utiliza\u00e7\u00e3o est\u00e1 sujeita \u00e0s respetivas pol\u00edticas de privacidade.<\/p><h6>4. Gest\u00e3o de Cookies<\/h6><p>A maioria dos navegadores da web aceita automaticamente cookies, mas pode modificar as defini\u00e7\u00f5es do seu navegador para recusar cookies ou notific\u00e1-lo quando um cookie est\u00e1 a ser enviado. No entanto, por favor, note que desativar os cookies pode afetar a sua capacidade de aceder a certas funcionalidades do nosso website.<\/p><p>Para gerir as defini\u00e7\u00f5es de cookies, normalmente pode encontrar a op\u00e7\u00e3o no menu \"Prefer\u00eancias\" ou \"Defini\u00e7\u00f5es\" do seu navegador. Tamb\u00e9m pode consultar a sec\u00e7\u00e3o \"Ajuda\" do seu navegador para obter mais informa\u00e7\u00f5es sobre como gerir ou eliminar cookies.<\/p><h6>5. Altera\u00e7\u00f5es a esta Pol\u00edtica de Cookies<\/h6><p>Podemos atualizar esta Pol\u00edtica de Cookies de tempos em tempos para refletir mudan\u00e7as em nossas pr\u00e1ticas ou por outros motivos operacionais, legais ou regulat\u00f3rios. Encorajamos voc\u00ea a revisar periodicamente esta p\u00e1gina para obter as informa\u00e7\u00f5es mais recentes sobre nosso uso de cookies.<\/p><h6>6. Entre em contato<\/h6><p>Se tiver alguma d\u00favida sobre a nossa Pol\u00edtica de Cookies, por favor... <a href=\"http:\/\/galleriadellapietra.com.br\/pt\/get-in-touch\/\" data-wplink-url-error=\"true\">entre em contato<\/a><\/p>\t\t\t\t\t\t<\/div>\n\t\t\t\t<\/div>\n\t\t\t\t<\/div>\n\t\t\t\t\t<\/div>\n\t\t\t\t<\/div>\n\t\t\t\t\t\t\t<\/div>","protected":false},"excerpt":{"rendered":"<p>Esta Pol\u00edtica de Cookies explica como o nosso website utiliza cookies e tecnologias similares para proporcionar uma melhor experi\u00eancia de navega\u00e7\u00e3o. Ao continuar a utilizar o nosso website, concorda com a utiliza\u00e7\u00e3o destes cookies conforme descrito nesta pol\u00edtica. Por favor, leia atentamente esta pol\u00edtica para compreender como recolhemos, utilizamos e gerimos cookies.<\/p>","protected":false},"author":13,"featured_media":0,"parent":0,"menu_order":0,"comment_status":"closed","ping_status":"closed","template":"","meta":{"footnotes":""},"effect":[],"acf":[],"_links":{"self":[{"href":"http:\/\/galleriadellapietra.com.br\/pt\/wp-json\/wp\/v2\/pages\/31673"}],"collection":[{"href":"http:\/\/galleriadellapietra.com.br\/pt\/wp-json\/wp\/v2\/pages"}],"about":[{"href":"http:\/\/galleriadellapietra.com.br\/pt\/wp-json\/wp\/v2\/types\/page"}],"author":[{"embeddable":true,"href":"http:\/\/galleriadellapietra.com.br\/pt\/wp-json\/wp\/v2\/users\/13"}],"replies":[{"embeddable":true,"href":"http:\/\/galleriadellapietra.com.br\/pt\/wp-json\/wp\/v2\/comments?post=31673"}],"version-history":[{"count":0,"href":"http:\/\/galleriadellapietra.com.br\/pt\/wp-json\/wp\/v2\/pages\/31673\/revisions"}],"wp:attachment":[{"href":"http:\/\/galleriadellapietra.com.br\/pt\/wp-json\/wp\/v2\/media?parent=31673"}],"wp:term":[{"taxonomy":"effect","embeddable":true,"href":"http:\/\/galleriadellapietra.com.br\/pt\/wp-json\/wp\/v2\/effect?post=31673"}],"curies":[{"name":"wp","href":"https:\/\/api.w.org\/{rel}","templated":true}]}}